{"id":5118,"date":"2023-08-19T12:58:33","date_gmt":"2023-08-19T10:58:33","guid":{"rendered":"https:\/\/automoor.sichtbarerwerden.site\/contactez-nous\/"},"modified":"2025-08-08T15:56:03","modified_gmt":"2025-08-08T13:56:03","slug":"contactez-nous","status":"publish","type":"page","link":"https:\/\/automoor.ch\/fr\/contactez-nous\/","title":{"rendered":"Contactez-nous"},"content":{"rendered":"\t\t<div data-elementor-type=\"wp-page\" data-elementor-id=\"5118\" class=\"elementor elementor-5118 elementor-22\" data-elementor-post-type=\"page\">\n\t\t\t\t<div class=\"elementor-element elementor-element-108fbe4 padding-section e-flex e-con-boxed e-con e-parent\" data-id=\"108fbe4\" data-element_type=\"container\">\n\t\t\t\t\t<div class=\"e-con-inner\">\n\t\t<div class=\"elementor-element elementor-element-5bb7e7b e-con-full e-flex e-con e-child\" data-id=\"5bb7e7b\" data-element_type=\"container\">\n\t\t\t\t<div class=\"elementor-element elementor-element-f1e98cf elementor-widget elementor-widget-heading\" data-id=\"f1e98cf\" data-element_type=\"widget\" data-widget_type=\"heading.default\">\n\t\t\t\t<div class=\"elementor-widget-container\">\n\t\t\t\t\t<h2 class=\"elementor-heading-title elementor-size-default\" id=\"contactez-nous\" title=\"Contactez-nous\">Contactez-nous<\/h2>\t\t\t\t<\/div>\n\t\t\t\t<\/div>\n\t\t\t\t<div class=\"elementor-element elementor-element-3eb0fc4 elementor-widget__width-initial white-bold-link elementor-widget elementor-widget-text-editor\" data-id=\"3eb0fc4\" data-element_type=\"widget\" data-widget_type=\"text-editor.default\">\n\t\t\t\t<div class=\"elementor-widget-container\">\n\t\t\t\t\t\t\t\t\t<p><strong>Nous sommes impatients d&rsquo;avoir de vos nouvelles.  <\/strong>Envoyez-nous un message via le formulaire de contact et nous vous contacterons dans les plus brefs d\u00e9lais.<\/p><p>Si vous pr\u00e9f\u00e9rez nous parler personnellement, appelez-nous <a href=\"tel:0434771950\">au 043 477 19 50<\/a> ou visitez notre showroom \u00e0 l&rsquo;<a href=\"https:\/\/maps.app.goo.gl\/bjLGLKRN5AmNNxyQ8\" target=\"_blank\" rel=\"noopener\">adresse<\/a> <br> Laubisr\u00fctistrasse42, 8712 St\u00e4fa.<\/p>\t\t\t\t\t\t\t\t<\/div>\n\t\t\t\t<\/div>\n\t\t\t\t<div class=\"elementor-element elementor-element-39e4742 elementor-widget elementor-widget-image\" data-id=\"39e4742\" data-element_type=\"widget\" data-widget_type=\"image.default\">\n\t\t\t\t<div class=\"elementor-widget-container\">\n\t\t\t\t\t\t\t\t\t\t\t\t\t\t\t<img fetchpriority=\"high\" decoding=\"async\" width=\"500\" height=\"419\" src=\"https:\/\/automoor.ch\/wp-content\/uploads\/2025\/04\/automoor-salon.png\" class=\"attachment-full size-full wp-image-2382\" alt=\"In einem modernen Ausstellungsraum mit polierten B\u00f6den und Holzakzenten sind eine Reihe eleganter schwarzer BMW Fahrzeuge ausgestellt.\" \/>\t\t\t\t\t\t\t\t\t\t\t\t\t\t\t<\/div>\n\t\t\t\t<\/div>\n\t\t\t\t<\/div>\n\t\t<div class=\"elementor-element elementor-element-303a9cf e-con-full e-flex e-con e-child\" data-id=\"303a9cf\" data-element_type=\"container\" data-settings=\"{&quot;background_background&quot;:&quot;classic&quot;}\">\n\t\t<div class=\"elementor-element elementor-element-8dc6341 e-con-full e-flex e-con e-child\" data-id=\"8dc6341\" data-element_type=\"container\">\n\t\t\t\t<div class=\"elementor-element elementor-element-a6b368b elementor-button-align-stretch elementor-widget elementor-widget-form\" data-id=\"a6b368b\" data-element_type=\"widget\" data-settings=\"{&quot;step_next_label&quot;:&quot;Prochain&quot;,&quot;step_previous_label&quot;:&quot;Pr\\u00e9c\\u00e9dent&quot;,&quot;button_width&quot;:&quot;100&quot;,&quot;step_type&quot;:&quot;number_text&quot;,&quot;step_icon_shape&quot;:&quot;circle&quot;}\" data-widget_type=\"form.default\">\n\t\t\t\t<div class=\"elementor-widget-container\">\n\t\t\t\t\t\t\t<form class=\"elementor-form\" method=\"post\" name=\"Contact\" aria-label=\"Contact\">\n\t\t\t<input type=\"hidden\" name=\"post_id\" value=\"5118\"\/>\n\t\t\t<input type=\"hidden\" name=\"form_id\" value=\"a6b368b\"\/>\n\t\t\t<input type=\"hidden\" name=\"referer_title\" value=\"Contactez-nous\" \/>\n\n\t\t\t\t\t\t\t<input type=\"hidden\" name=\"queried_id\" value=\"5118\"\/>\n\t\t\t\n\t\t\t<div class=\"elementor-form-fields-wrapper elementor-labels-above\">\n\t\t\t\t\t\t\t\t<div class=\"elementor-field-type-text elementor-field-group elementor-column elementor-field-group-name elementor-col-50 elementor-field-required elementor-mark-required\">\n\t\t\t\t\t\t\t\t\t\t\t\t<label for=\"form-field-name\" class=\"elementor-field-label\">\n\t\t\t\t\t\t\t\tPr\u00e9nom\t\t\t\t\t\t\t<\/label>\n\t\t\t\t\t\t\t\t\t\t\t\t\t\t<input size=\"1\" type=\"text\" name=\"form_fields[name]\" id=\"form-field-name\" class=\"elementor-field elementor-size-md  elementor-field-textual\" placeholder=\"Max\" required=\"required\">\n\t\t\t\t\t\t\t\t\t\t\t<\/div>\n\t\t\t\t\t\t\t\t<div class=\"elementor-field-type-text elementor-field-group elementor-column elementor-field-group-field_edf32a7 elementor-col-50 elementor-field-required elementor-mark-required\">\n\t\t\t\t\t\t\t\t\t\t\t\t<label for=\"form-field-field_edf32a7\" class=\"elementor-field-label\">\n\t\t\t\t\t\t\t\tNom de famille\t\t\t\t\t\t\t<\/label>\n\t\t\t\t\t\t\t\t\t\t\t\t\t\t<input size=\"1\" type=\"text\" name=\"form_fields[field_edf32a7]\" id=\"form-field-field_edf32a7\" class=\"elementor-field elementor-size-md  elementor-field-textual\" placeholder=\"\u00c9chantillon\" required=\"required\">\n\t\t\t\t\t\t\t\t\t\t\t<\/div>\n\t\t\t\t\t\t\t\t<div class=\"elementor-field-type-tel elementor-field-group elementor-column elementor-field-group-field_1157f14 elementor-col-50 elementor-field-required elementor-mark-required\">\n\t\t\t\t\t\t\t\t\t\t\t\t<label for=\"form-field-field_1157f14\" class=\"elementor-field-label\">\n\t\t\t\t\t\t\t\tT\u00e9l\u00e9phone\t\t\t\t\t\t\t<\/label>\n\t\t\t\t\t\t\t\t<input size=\"1\" type=\"tel\" name=\"form_fields[field_1157f14]\" id=\"form-field-field_1157f14\" class=\"elementor-field elementor-size-md  elementor-field-textual\" placeholder=\"Saisir le num\u00e9ro de t\u00e9l\u00e9phone\" required=\"required\" pattern=\"[0-9()#&amp;+*-=.]+\" title=\"Seuls les caract\u00e8res de num\u00e9ros de t\u00e9l\u00e9phone (#, -, *, etc.) sont accept\u00e9s.\">\n\n\t\t\t\t\t\t<\/div>\n\t\t\t\t\t\t\t\t<div class=\"elementor-field-type-email elementor-field-group elementor-column elementor-field-group-email elementor-col-50 elementor-field-required elementor-mark-required\">\n\t\t\t\t\t\t\t\t\t\t\t\t<label for=\"form-field-email\" class=\"elementor-field-label\">\n\t\t\t\t\t\t\t\tAdresse \u00e9lectronique\t\t\t\t\t\t\t<\/label>\n\t\t\t\t\t\t\t\t\t\t\t\t\t\t<input size=\"1\" type=\"email\" name=\"form_fields[email]\" id=\"form-field-email\" class=\"elementor-field elementor-size-md  elementor-field-textual\" placeholder=\"Adresse \u00e9lectronique\" required=\"required\">\n\t\t\t\t\t\t\t\t\t\t\t<\/div>\n\t\t\t\t\t\t\t\t<div class=\"elementor-field-type-textarea elementor-field-group elementor-column elementor-field-group-message elementor-col-100\">\n\t\t\t\t\t\t\t\t\t\t\t\t<label for=\"form-field-message\" class=\"elementor-field-label\">\n\t\t\t\t\t\t\t\tMessage\t\t\t\t\t\t\t<\/label>\n\t\t\t\t\t\t<textarea class=\"elementor-field-textual elementor-field  elementor-size-md\" name=\"form_fields[message]\" id=\"form-field-message\" rows=\"4\" placeholder=\"Comment pouvons-nous les aider ?\"><\/textarea>\t\t\t\t<\/div>\n\t\t\t\t\t\t\t\t<div class=\"elementor-field-group elementor-column elementor-field-type-submit elementor-col-100 e-form__buttons\">\n\t\t\t\t\t<button class=\"elementor-button elementor-size-sm\" type=\"submit\">\n\t\t\t\t\t\t<span class=\"elementor-button-content-wrapper\">\n\t\t\t\t\t\t\t\t\t\t\t\t\t\t\t\t\t\t\t\t\t\t<span class=\"elementor-button-text\">Envoyer<\/span>\n\t\t\t\t\t\t\t\t\t\t\t\t\t<\/span>\n\t\t\t\t\t<\/button>\n\t\t\t\t<\/div>\n\t\t\t<\/div>\n\t\t<\/form>\n\t\t\t\t\t\t<\/div>\n\t\t\t\t<\/div>\n\t\t\t\t<\/div>\n\t\t\t\t<\/div>\n\t\t\t\t\t<\/div>\n\t\t\t\t<\/div>\n\t\t<div class=\"elementor-element elementor-element-c0b22d2 e-flex e-con-boxed e-con e-parent\" data-id=\"c0b22d2\" data-element_type=\"container\">\n\t\t\t\t\t<div class=\"e-con-inner\">\n\t\t<div class=\"elementor-element elementor-element-bd290cf e-con-full e-flex e-con e-child\" data-id=\"bd290cf\" data-element_type=\"container\" data-settings=\"{&quot;background_background&quot;:&quot;classic&quot;}\">\n\t\t<div class=\"elementor-element elementor-element-68a369b e-con-full e-flex e-con e-child\" data-id=\"68a369b\" data-element_type=\"container\">\n\t\t<div class=\"elementor-element elementor-element-785b5f9 e-con-full e-flex e-con e-child\" data-id=\"785b5f9\" data-element_type=\"container\">\n\t\t\t\t<div class=\"elementor-element elementor-element-3ec5936 elementor-widget elementor-widget-html\" data-id=\"3ec5936\" data-element_type=\"widget\" data-widget_type=\"html.default\">\n\t\t\t\t<div class=\"elementor-widget-container\">\n\t\t\t\t\t<iframe src=\"https:\/\/www.google.com\/maps\/embed?pb=!1m18!1m12!1m3!1d2708.914345008674!2d8.743072277132452!3d47.237821313369686!2m3!1f0!2f0!3f0!3m2!1i1024!2i768!4f13.1!3m3!1m2!1s0x479ab1f3c9d678d1%3A0x1f6b25da2af41a64!2sautomoor%20AG!5e0!3m2!1sde!2srs!4v1743604757285!5m2!1sde!2srs\" width=\"600\" height=\"335\" style=\"border:0;\" allowfullscreen=\"\" loading=\"lazy\" referrerpolicy=\"no-referrer-when-downgrade\"><\/iframe>\t\t\t\t<\/div>\n\t\t\t\t<\/div>\n\t\t\t\t<\/div>\n\t\t<div class=\"elementor-element elementor-element-e0187eb e-con-full e-flex e-con e-child\" data-id=\"e0187eb\" data-element_type=\"container\">\n\t\t\t\t<div class=\"elementor-element elementor-element-0d8d74c elementor-widget elementor-widget-heading\" data-id=\"0d8d74c\" data-element_type=\"widget\" data-widget_type=\"heading.default\">\n\t\t\t\t<div class=\"elementor-widget-container\">\n\t\t\t\t\t<p class=\"elementor-heading-title elementor-size-default\">Vous nous trouverez ici<\/p>\t\t\t\t<\/div>\n\t\t\t\t<\/div>\n\t\t\t\t<div class=\"elementor-element elementor-element-6ebcb5e elementor-widget__width-initial elementor-widget elementor-widget-text-editor\" data-id=\"6ebcb5e\" data-element_type=\"widget\" data-widget_type=\"text-editor.default\">\n\t\t\t\t<div class=\"elementor-widget-container\">\n\t\t\t\t\t\t\t\t\t<p>Visitez notre showroom \u00e0 la Laubisr\u00fctistrasse 42, 8712 St\u00e4fa. Utilisez la carte \u00e0 gauche pour planifier votre itin\u00e9raire. <\/p>\t\t\t\t\t\t\t\t<\/div>\n\t\t\t\t<\/div>\n\t\t<div class=\"elementor-element elementor-element-b641e12 e-con-full e-flex e-con e-child\" data-id=\"b641e12\" data-element_type=\"container\">\n\t\t\t\t<div class=\"elementor-element elementor-element-89d6c08 elementor-widget elementor-widget-text-editor\" data-id=\"89d6c08\" data-element_type=\"widget\" data-widget_type=\"text-editor.default\">\n\t\t\t\t<div class=\"elementor-widget-container\">\n\t\t\t\t\t\t\t\t\t<p>T\u00e9l\u00e9phone<\/p>\t\t\t\t\t\t\t\t<\/div>\n\t\t\t\t<\/div>\n\t\t\t\t<div class=\"elementor-element elementor-element-83a6db7 elementor-widget elementor-widget-text-editor\" data-id=\"83a6db7\" data-element_type=\"widget\" data-widget_type=\"text-editor.default\">\n\t\t\t\t<div class=\"elementor-widget-container\">\n\t\t\t\t\t\t\t\t\t<p>043 477 19 50<\/p>\t\t\t\t\t\t\t\t<\/div>\n\t\t\t\t<\/div>\n\t\t\t\t<\/div>\n\t\t<div class=\"elementor-element elementor-element-24ff655 e-con-full e-flex e-con e-child\" data-id=\"24ff655\" data-element_type=\"container\">\n\t\t\t\t<div class=\"elementor-element elementor-element-84faef5 elementor-widget elementor-widget-text-editor\" data-id=\"84faef5\" data-element_type=\"widget\" data-widget_type=\"text-editor.default\">\n\t\t\t\t<div class=\"elementor-widget-container\">\n\t\t\t\t\t\t\t\t\t<p>Adresse<\/p>\t\t\t\t\t\t\t\t<\/div>\n\t\t\t\t<\/div>\n\t\t\t\t<div class=\"elementor-element elementor-element-7237b39 elementor-widget elementor-widget-text-editor\" data-id=\"7237b39\" data-element_type=\"widget\" data-widget_type=\"text-editor.default\">\n\t\t\t\t<div class=\"elementor-widget-container\">\n\t\t\t\t\t\t\t\t\t<p>Laubisr\u00fctistrasse 42 8712 St\u00e4fa<\/p>\t\t\t\t\t\t\t\t<\/div>\n\t\t\t\t<\/div>\n\t\t\t\t<\/div>\n\t\t<div class=\"elementor-element elementor-element-7d0f7ab e-con-full e-flex e-con e-child\" data-id=\"7d0f7ab\" data-element_type=\"container\">\n\t\t\t\t<div class=\"elementor-element elementor-element-1ccf446 elementor-widget elementor-widget-text-editor\" data-id=\"1ccf446\" data-element_type=\"widget\" data-widget_type=\"text-editor.default\">\n\t\t\t\t<div class=\"elementor-widget-container\">\n\t\t\t\t\t\t\t\t\t<p>E-mail<\/p>\t\t\t\t\t\t\t\t<\/div>\n\t\t\t\t<\/div>\n\t\t\t\t<div class=\"elementor-element elementor-element-55e6d86 elementor-widget elementor-widget-text-editor\" data-id=\"55e6d86\" data-element_type=\"widget\" data-widget_type=\"text-editor.default\">\n\t\t\t\t<div class=\"elementor-widget-container\">\n\t\t\t\t\t\t\t\t\t<p>info@automoor.ch<\/p>\t\t\t\t\t\t\t\t<\/div>\n\t\t\t\t<\/div>\n\t\t<div class=\"elementor-element elementor-element-7e26f1b e-con-full e-flex e-con e-child\" data-id=\"7e26f1b\" data-element_type=\"container\">\n\t\t\t\t<div class=\"elementor-element elementor-element-a75c989 elementor-widget elementor-widget-text-editor\" data-id=\"a75c989\" data-element_type=\"widget\" data-widget_type=\"text-editor.default\">\n\t\t\t\t<div class=\"elementor-widget-container\">\n\t\t\t\t\t\t\t\t\t<p>T\u00e9l\u00e9phone<\/p>\t\t\t\t\t\t\t\t<\/div>\n\t\t\t\t<\/div>\n\t\t\t\t<div class=\"elementor-element elementor-element-81356ab elementor-widget elementor-widget-text-editor\" data-id=\"81356ab\" data-element_type=\"widget\" data-widget_type=\"text-editor.default\">\n\t\t\t\t<div class=\"elementor-widget-container\">\n\t\t\t\t\t\t\t\t\t<p>043 477 19 50<\/p>\t\t\t\t\t\t\t\t<\/div>\n\t\t\t\t<\/div>\n\t\t\t\t<\/div>\n\t\t\t\t<\/div>\n\t\t\t\t<\/div>\n\t\t\t\t<\/div>\n\t\t\t\t<div class=\"elementor-element elementor-element-543ace0 elementor-widget-divider--view-line elementor-widget elementor-widget-divider\" data-id=\"543ace0\" data-element_type=\"widget\" data-widget_type=\"divider.default\">\n\t\t\t\t<div class=\"elementor-widget-container\">\n\t\t\t\t\t\t\t<div class=\"elementor-divider\">\n\t\t\t<span class=\"elementor-divider-separator\">\n\t\t\t\t\t\t<\/span>\n\t\t<\/div>\n\t\t\t\t\t\t<\/div>\n\t\t\t\t<\/div>\n\t\t<div class=\"elementor-element elementor-element-50740c1 e-con-full e-flex e-con e-child\" data-id=\"50740c1\" data-element_type=\"container\">\n\t\t<div class=\"elementor-element elementor-element-aacf75e e-con-full e-flex e-con e-child\" data-id=\"aacf75e\" data-element_type=\"container\">\n\t\t\t\t<div class=\"elementor-element elementor-element-659bb22 elementor-widget elementor-widget-image\" data-id=\"659bb22\" data-element_type=\"widget\" data-widget_type=\"image.default\">\n\t\t\t\t<div class=\"elementor-widget-container\">\n\t\t\t\t\t\t\t\t\t\t\t\t\t\t\t<img decoding=\"async\" width=\"550\" height=\"332\" src=\"https:\/\/automoor.ch\/wp-content\/uploads\/2025\/04\/image-17.png\" class=\"attachment-full size-full wp-image-3053\" alt=\"Ein modernes Autohaus mit mehreren Autos, darunter eines, das mit einem schwarzen Tuch mit einem Logo bedeckt ist. Eine Treppe f\u00fchrt zu einem oberen Lounge-Bereich, in dem zwei Personen spazieren gehen. Es sind Schilder f\u00fcr Verkauf und Lounge zu sehen.\" \/>\t\t\t\t\t\t\t\t\t\t\t\t\t\t\t<\/div>\n\t\t\t\t<\/div>\n\t\t\t\t<\/div>\n\t\t<div class=\"elementor-element elementor-element-f0b3a21 e-con-full e-flex e-con e-child\" data-id=\"f0b3a21\" data-element_type=\"container\">\n\t\t\t\t<div class=\"elementor-element elementor-element-d19ee0e elementor-widget elementor-widget-heading\" data-id=\"d19ee0e\" data-element_type=\"widget\" data-widget_type=\"heading.default\">\n\t\t\t\t<div class=\"elementor-widget-container\">\n\t\t\t\t\t<p class=\"elementor-heading-title elementor-size-default\">Nos heures d'ouverture<\/p>\t\t\t\t<\/div>\n\t\t\t\t<\/div>\n\t\t\t\t<div class=\"elementor-element elementor-element-81c7e34 elementor-widget__width-initial elementor-widget elementor-widget-text-editor\" data-id=\"81c7e34\" data-element_type=\"widget\" data-widget_type=\"text-editor.default\">\n\t\t\t\t<div class=\"elementor-widget-container\">\n\t\t\t\t\t\t\t\t\t<p>Visitez notre showroom \u00e0 la Laubisr\u00fctistrasse 42, 8712 St\u00e4fa. Utilisez la carte \u00e0 gauche pour planifier votre itin\u00e9raire. <\/p>\t\t\t\t\t\t\t\t<\/div>\n\t\t\t\t<\/div>\n\t\t<div class=\"elementor-element elementor-element-7563c40 e-con-full e-flex e-con e-child\" data-id=\"7563c40\" data-element_type=\"container\">\n\t\t\t\t<div class=\"elementor-element elementor-element-cec7974 elementor-widget elementor-widget-text-editor\" data-id=\"cec7974\" data-element_type=\"widget\" data-widget_type=\"text-editor.default\">\n\t\t\t\t<div class=\"elementor-widget-container\">\n\t\t\t\t\t\t\t\t\t<p>Du lundi au vendredi<\/p>\t\t\t\t\t\t\t\t<\/div>\n\t\t\t\t<\/div>\n\t\t\t\t<div class=\"elementor-element elementor-element-6f0c5da elementor-widget elementor-widget-text-editor\" data-id=\"6f0c5da\" data-element_type=\"widget\" data-widget_type=\"text-editor.default\">\n\t\t\t\t<div class=\"elementor-widget-container\">\n\t\t\t\t\t\t\t\t\t<p>09:00 &#8211; 12:00<br>13:00 &#8211; 19:00<\/p>\t\t\t\t\t\t\t\t<\/div>\n\t\t\t\t<\/div>\n\t\t\t\t<\/div>\n\t\t<div class=\"elementor-element elementor-element-0224b11 e-con-full e-flex e-con e-child\" data-id=\"0224b11\" data-element_type=\"container\">\n\t\t\t\t<div class=\"elementor-element elementor-element-95dea2e elementor-widget elementor-widget-text-editor\" data-id=\"95dea2e\" data-element_type=\"widget\" data-widget_type=\"text-editor.default\">\n\t\t\t\t<div class=\"elementor-widget-container\">\n\t\t\t\t\t\t\t\t\t<p>Samedi<\/p>\t\t\t\t\t\t\t\t<\/div>\n\t\t\t\t<\/div>\n\t\t\t\t<div class=\"elementor-element elementor-element-e3930ee elementor-widget elementor-widget-text-editor\" data-id=\"e3930ee\" data-element_type=\"widget\" data-widget_type=\"text-editor.default\">\n\t\t\t\t<div class=\"elementor-widget-container\">\n\t\t\t\t\t\t\t\t\t<p>09:00 &#8211; 16:00<\/p>\t\t\t\t\t\t\t\t<\/div>\n\t\t\t\t<\/div>\n\t\t\t\t<\/div>\n\t\t\t\t<\/div>\n\t\t\t\t<\/div>\n\t\t\t\t<\/div>\n\t\t\t\t\t<\/div>\n\t\t\t\t<\/div>\n\t\t\t\t<\/div>\n\t\t","protected":false},"excerpt":{"rendered":"<p>Contactez-nous Nous sommes impatients d&rsquo;avoir de vos nouvelles. Envoyez-nous un message via le formulaire de contact et nous vous contacterons dans les plus brefs d\u00e9lais. Si vous pr\u00e9f\u00e9rez nous parler personnellement, appelez-nous au 043 477 19 50 ou visitez notre showroom \u00e0 l&rsquo;adresse Laubisr\u00fctistrasse42, 8712 St\u00e4fa. Vous nous trouverez ici Visitez notre showroom \u00e0 la [&hellip;]<\/p>\n","protected":false},"author":1,"featured_media":0,"parent":0,"menu_order":0,"comment_status":"closed","ping_status":"closed","template":"","meta":{"_seopress_robots_primary_cat":"","_seopress_titles_title":"","_seopress_titles_desc":"","_seopress_robots_index":"","_monsterinsights_skip_tracking":false,"_monsterinsights_sitenote_active":false,"_monsterinsights_sitenote_note":"","_monsterinsights_sitenote_category":0,"footnotes":""},"class_list":["post-5118","page","type-page","status-publish","hentry"],"meta_box":[],"_links":{"self":[{"href":"https:\/\/automoor.ch\/fr\/wp-json\/wp\/v2\/pages\/5118","targetHints":{"allow":["GET"]}}],"collection":[{"href":"https:\/\/automoor.ch\/fr\/wp-json\/wp\/v2\/pages"}],"about":[{"href":"https:\/\/automoor.ch\/fr\/wp-json\/wp\/v2\/types\/page"}],"author":[{"embeddable":true,"href":"https:\/\/automoor.ch\/fr\/wp-json\/wp\/v2\/users\/1"}],"replies":[{"embeddable":true,"href":"https:\/\/automoor.ch\/fr\/wp-json\/wp\/v2\/comments?post=5118"}],"version-history":[{"count":3,"href":"https:\/\/automoor.ch\/fr\/wp-json\/wp\/v2\/pages\/5118\/revisions"}],"predecessor-version":[{"id":13846,"href":"https:\/\/automoor.ch\/fr\/wp-json\/wp\/v2\/pages\/5118\/revisions\/13846"}],"wp:attachment":[{"href":"https:\/\/automoor.ch\/fr\/wp-json\/wp\/v2\/media?parent=5118"}],"curies":[{"name":"wp","href":"https:\/\/api.w.org\/{rel}","templated":true}]}}