{"id":5045,"date":"2025-03-24T19:18:58","date_gmt":"2025-03-24T18:18:58","guid":{"rendered":"https:\/\/automoor.sichtbarerwerden.site\/acheter-une-occasion\/"},"modified":"2025-07-09T16:32:37","modified_gmt":"2025-07-09T14:32:37","slug":"acheter-une-occasion","status":"publish","type":"page","link":"https:\/\/automoor.ch\/fr\/acheter-une-occasion\/","title":{"rendered":"Acheter une occasion"},"content":{"rendered":"\t\t<div data-elementor-type=\"wp-page\" data-elementor-id=\"5045\" class=\"elementor elementor-5045 elementor-1194\" data-elementor-post-type=\"page\">\n\t\t\t\t<div class=\"elementor-element elementor-element-82716b0 e-flex e-con-boxed e-con e-parent\" data-id=\"82716b0\" data-element_type=\"container\">\n\t\t\t\t\t<div class=\"e-con-inner\">\n\t\t\t\t<div class=\"elementor-element elementor-element-857ee1e elementor-widget elementor-widget-html\" data-id=\"857ee1e\" data-element_type=\"widget\" id=\"marketplace-frame\" data-widget_type=\"html.default\">\n\t\t\t\t<div class=\"elementor-widget-container\">\n\t\t\t\t\t<div class=\"hci-container\" data-config-id=\"3525\" data-language=\"fr\" data-entry-point=\"search\"><\/div><script src=\"https:\/\/www.autoscout24.ch\/assets\/hci\/v2\/hci.current.js\"><\/script>\t\t\t\t<\/div>\n\t\t\t\t<\/div>\n\t\t\t\t\t<\/div>\n\t\t\t\t<\/div>\n\t\t<div class=\"elementor-element elementor-element-3cdbeb0 footer-cta e-flex e-con-boxed e-con e-parent\" data-id=\"3cdbeb0\" data-element_type=\"container\">\n\t\t\t\t\t<div class=\"e-con-inner\">\n\t\t<div class=\"elementor-element elementor-element-e74bb04 e-con-full e-flex e-con e-child\" data-id=\"e74bb04\" data-element_type=\"container\" data-settings=\"{&quot;background_background&quot;:&quot;classic&quot;}\">\n\t\t<div class=\"elementor-element elementor-element-b50520d e-con-full e-flex e-con e-child\" data-id=\"b50520d\" data-element_type=\"container\">\n\t\t\t\t<div class=\"elementor-element elementor-element-6e70b27 elementor-widget elementor-widget-heading\" data-id=\"6e70b27\" data-element_type=\"widget\" data-widget_type=\"heading.default\">\n\t\t\t\t<div class=\"elementor-widget-container\">\n\t\t\t\t\t<p class=\"elementor-heading-title elementor-size-default\">Vous avez des questions ?<\/p>\t\t\t\t<\/div>\n\t\t\t\t<\/div>\n\t\t\t\t<div class=\"elementor-element elementor-element-3b5b35c elementor-widget elementor-widget-text-editor\" data-id=\"3b5b35c\" data-element_type=\"widget\" data-widget_type=\"text-editor.default\">\n\t\t\t\t<div class=\"elementor-widget-container\">\n\t\t\t\t\t\t\t\t\t<p>Avec plus de 100 v\u00e9hicules contr\u00f4l\u00e9s, des options de leasing flexibles et une garantie de 12 mois minimum, vous trouverez chez nous le v\u00e9hicule parfait. Contactez-nous d\u00e8s maintenant pour un entretien personnel. <\/p>\t\t\t\t\t\t\t\t<\/div>\n\t\t\t\t<\/div>\n\t\t\t\t<div class=\"elementor-element elementor-element-6d98427 elementor-align-left elementor-widget elementor-widget-button\" data-id=\"6d98427\" data-element_type=\"widget\" data-widget_type=\"button.default\">\n\t\t\t\t<div class=\"elementor-widget-container\">\n\t\t\t\t\t\t\t\t\t<div class=\"elementor-button-wrapper\">\n\t\t\t\t\t<a class=\"elementor-button elementor-button-link elementor-size-sm\" href=\"https:\/\/automoor.ch\/fr\/contactez-nous\/\">\n\t\t\t\t\t\t<span class=\"elementor-button-content-wrapper\">\n\t\t\t\t\t\t\t\t\t<span class=\"elementor-button-text\">Contactez-nous<\/span>\n\t\t\t\t\t<\/span>\n\t\t\t\t\t<\/a>\n\t\t\t\t<\/div>\n\t\t\t\t\t\t\t\t<\/div>\n\t\t\t\t<\/div>\n\t\t\t\t<div class=\"elementor-element elementor-element-a17cc3e elementor-widget elementor-widget-html\" data-id=\"a17cc3e\" data-element_type=\"widget\" data-widget_type=\"html.default\">\n\t\t\t\t<div class=\"elementor-widget-container\">\n\t\t\t\t\t<script defer async src='https:\/\/cdn.trustindex.io\/loader.js?d041046437eb985209461610bc2'><\/script>\t\t\t\t<\/div>\n\t\t\t\t<\/div>\n\t\t<div class=\"elementor-element elementor-element-adeafec e-con-full elementor-hidden-desktop elementor-hidden-tablet elementor-hidden-mobile e-flex e-con e-child\" data-id=\"adeafec\" data-element_type=\"container\">\n\t\t\t\t<div class=\"elementor-element elementor-element-f7e5f1f elementor-widget elementor-widget-image\" data-id=\"f7e5f1f\" data-element_type=\"widget\" data-widget_type=\"image.default\">\n\t\t\t\t<div class=\"elementor-widget-container\">\n\t\t\t\t\t\t\t\t\t\t\t\t\t\t\t<img decoding=\"async\" width=\"163\" height=\"28\" src=\"https:\/\/automoor.ch\/wp-content\/uploads\/2023\/08\/google-reviews-2.svg\" class=\"attachment-full size-full wp-image-2093\" alt=\"Logo Google suivi de cinq \u00e9toiles jaunes, indiquant un classement cinq \u00e9toiles.\" \/>\t\t\t\t\t\t\t\t\t\t\t\t\t\t\t<\/div>\n\t\t\t\t<\/div>\n\t\t\t\t<div class=\"elementor-element elementor-element-4eb6cc2 elementor-widget__width-initial elementor-widget elementor-widget-text-editor\" data-id=\"4eb6cc2\" data-element_type=\"widget\" data-widget_type=\"text-editor.default\">\n\t\t\t\t<div class=\"elementor-widget-container\">\n\t\t\t\t\t\t\t\t\t<p>bas\u00e9 sur  <\/p>\t\t\t\t\t\t\t\t<\/div>\n\t\t\t\t<\/div>\n\t\t\t\t<div class=\"elementor-element elementor-element-3628051 elementor-widget__width-initial elementor-widget elementor-widget-text-editor\" data-id=\"3628051\" data-element_type=\"widget\" data-widget_type=\"text-editor.default\">\n\t\t\t\t<div class=\"elementor-widget-container\">\n\t\t\t\t\t\t\t\t\t<p>29 avis<\/p>\t\t\t\t\t\t\t\t<\/div>\n\t\t\t\t<\/div>\n\t\t\t\t<\/div>\n\t\t\t\t<\/div>\n\t\t\t\t<div class=\"elementor-element elementor-element-84693e6 elementor-absolute elementor-widget elementor-widget-image\" data-id=\"84693e6\" data-element_type=\"widget\" data-settings=\"{&quot;_position&quot;:&quot;absolute&quot;}\" data-widget_type=\"image.default\">\n\t\t\t\t<div class=\"elementor-widget-container\">\n\t\t\t\t\t\t\t\t\t\t\t\t\t\t\t<img fetchpriority=\"high\" decoding=\"async\" width=\"1039\" height=\"361\" src=\"https:\/\/automoor.ch\/wp-content\/uploads\/2023\/08\/Group-2072751267.svg\" class=\"attachment-full size-full wp-image-1993\" alt=\"Un arri\u00e8re-plan en d\u00e9grad\u00e9 doux allant du blanc en haut au bleu clair en bas \u00e0 droite, cr\u00e9ant une transition douce entre les couleurs.\" \/>\t\t\t\t\t\t\t\t\t\t\t\t\t\t\t<\/div>\n\t\t\t\t<\/div>\n\t\t\t\t<div class=\"elementor-element elementor-element-133162d elementor-absolute elementor-widget elementor-widget-image\" data-id=\"133162d\" data-element_type=\"widget\" data-settings=\"{&quot;_position&quot;:&quot;absolute&quot;}\" data-widget_type=\"image.default\">\n\t\t\t\t<div class=\"elementor-widget-container\">\n\t\t\t\t\t\t\t\t\t\t\t\t\t\t\t<img decoding=\"async\" width=\"507\" height=\"341\" src=\"https:\/\/automoor.ch\/wp-content\/uploads\/2023\/08\/Vector-28.svg\" class=\"attachment-full size-full wp-image-1989\" alt=\"L&#039;image est totalement vide, avec un fond blanc uni et aucun objet, texte ou caract\u00e9ristique visible.\" \/>\t\t\t\t\t\t\t\t\t\t\t\t\t\t\t<\/div>\n\t\t\t\t<\/div>\n\t\t\t\t<div class=\"elementor-element elementor-element-c0b6913 elementor-absolute elementor-hidden-mobile cta-car-img elementor-widget elementor-widget-image\" data-id=\"c0b6913\" data-element_type=\"widget\" data-settings=\"{&quot;_position&quot;:&quot;absolute&quot;}\" data-widget_type=\"image.default\">\n\t\t\t\t<div class=\"elementor-widget-container\">\n\t\t\t\t\t\t\t\t\t\t\t\t\t\t\t<img loading=\"lazy\" decoding=\"async\" width=\"2560\" height=\"1153\" src=\"https:\/\/automoor.ch\/wp-content\/uploads\/2025\/05\/Audi-Rs6-Kopie-1-scaled-1.png\" class=\"attachment-full size-full wp-image-4797\" alt=\"\" srcset=\"https:\/\/automoor.ch\/wp-content\/uploads\/2025\/05\/Audi-Rs6-Kopie-1-scaled-1.png 2560w, https:\/\/automoor.ch\/wp-content\/uploads\/2025\/05\/Audi-Rs6-Kopie-1-scaled-1-768x346.png 768w, https:\/\/automoor.ch\/wp-content\/uploads\/2025\/05\/Audi-Rs6-Kopie-1-scaled-1-1536x692.png 1536w, https:\/\/automoor.ch\/wp-content\/uploads\/2025\/05\/Audi-Rs6-Kopie-1-scaled-1-2048x922.png 2048w\" sizes=\"(max-width: 2560px) 100vw, 2560px\" \/>\t\t\t\t\t\t\t\t\t\t\t\t\t\t\t<\/div>\n\t\t\t\t<\/div>\n\t\t\t\t<\/div>\n\t\t\t\t\t<\/div>\n\t\t\t\t<\/div>\n\t\t\t\t<\/div>\n\t\t","protected":false},"excerpt":{"rendered":"<p>Vous avez des questions ? Avec plus de 100 v\u00e9hicules contr\u00f4l\u00e9s, des options de leasing flexibles et une garantie de 12 mois minimum, vous trouverez chez nous le v\u00e9hicule parfait. Contactez-nous d\u00e8s maintenant pour un entretien personnel. Contactez-nous bas\u00e9 sur 29 avis<\/p>\n","protected":false},"author":1,"featured_media":0,"parent":0,"menu_order":0,"comment_status":"closed","ping_status":"closed","template":"","meta":{"_seopress_robots_primary_cat":"","_seopress_titles_title":"","_seopress_titles_desc":"","_seopress_robots_index":"","_monsterinsights_skip_tracking":false,"_monsterinsights_sitenote_active":false,"_monsterinsights_sitenote_note":"","_monsterinsights_sitenote_category":0,"footnotes":""},"class_list":["post-5045","page","type-page","status-publish","hentry"],"meta_box":[],"_links":{"self":[{"href":"https:\/\/automoor.ch\/fr\/wp-json\/wp\/v2\/pages\/5045","targetHints":{"allow":["GET"]}}],"collection":[{"href":"https:\/\/automoor.ch\/fr\/wp-json\/wp\/v2\/pages"}],"about":[{"href":"https:\/\/automoor.ch\/fr\/wp-json\/wp\/v2\/types\/page"}],"author":[{"embeddable":true,"href":"https:\/\/automoor.ch\/fr\/wp-json\/wp\/v2\/users\/1"}],"replies":[{"embeddable":true,"href":"https:\/\/automoor.ch\/fr\/wp-json\/wp\/v2\/comments?post=5045"}],"version-history":[{"count":4,"href":"https:\/\/automoor.ch\/fr\/wp-json\/wp\/v2\/pages\/5045\/revisions"}],"predecessor-version":[{"id":11181,"href":"https:\/\/automoor.ch\/fr\/wp-json\/wp\/v2\/pages\/5045\/revisions\/11181"}],"wp:attachment":[{"href":"https:\/\/automoor.ch\/fr\/wp-json\/wp\/v2\/media?parent=5045"}],"curies":[{"name":"wp","href":"https:\/\/api.w.org\/{rel}","templated":true}]}}