{"id":5034,"date":"2023-09-20T18:50:16","date_gmt":"2023-09-20T16:50:16","guid":{"rendered":"https:\/\/automoor.sichtbarerwerden.site\/mentions-legales\/"},"modified":"2025-05-22T14:00:24","modified_gmt":"2025-05-22T12:00:24","slug":"mentions-legales","status":"publish","type":"page","link":"https:\/\/automoor.ch\/fr\/mentions-legales\/","title":{"rendered":"Mentions l\u00e9gales"},"content":{"rendered":"\t\t<div data-elementor-type=\"wp-page\" data-elementor-id=\"5034\" class=\"elementor elementor-5034 elementor-39\" data-elementor-post-type=\"page\">\n\t\t\t\t<div class=\"elementor-element elementor-element-f506f53 padding-section e-flex e-con-boxed e-con e-parent\" data-id=\"f506f53\" data-element_type=\"container\">\n\t\t\t\t\t<div class=\"e-con-inner\">\n\t\t<div class=\"elementor-element elementor-element-065172a e-con-full e-flex e-con e-child\" data-id=\"065172a\" data-element_type=\"container\">\n\t\t\t\t<div class=\"elementor-element elementor-element-043173e elementor-widget__width-initial elementor-widget elementor-widget-heading\" data-id=\"043173e\" data-element_type=\"widget\" data-widget_type=\"heading.default\">\n\t\t\t\t<div class=\"elementor-widget-container\">\n\t\t\t\t\t<h1 class=\"elementor-heading-title elementor-size-default\" id=\"mentions-legales\" title=\"Mentions l\u00e9gales\">Mentions l\u00e9gales<\/h1>\t\t\t\t<\/div>\n\t\t\t\t<\/div>\n\t\t\t\t<div class=\"elementor-element elementor-element-561537c elementor-widget__width-initial elementor-widget elementor-widget-text-editor\" data-id=\"561537c\" data-element_type=\"widget\" data-widget_type=\"text-editor.default\">\n\t\t\t\t<div class=\"elementor-widget-container\">\n\t\t\t\t\t\t\t\t\t<p><strong>automoor AG<br><\/strong>Laubisr\u00fctistrasse 42<br>8712 St\u00e4fa<br>Suisse<br><br>T\u00e9l\u00e9phone : 043 477 19 50<br>Email : info@automoor.ch<br><br><strong>Num\u00e9ro d&rsquo;identification de la soci\u00e9t\u00e9 (UID)<br><\/strong>CHE-364.509.466<br><br><strong>Num\u00e9ro de TVA<br><\/strong>CHE-364.509.466<br><br><br><\/p><h3 class=\"wp-block-heading\" id=\"clause-de-non-responsabilite\" title=\"Clause de non-responsabilit\u00e9\">Clause de non-responsabilit\u00e9<\/h3><p>L&rsquo;auteur n&rsquo;assume aucune responsabilit\u00e9 quant \u00e0 l&rsquo;exactitude, la pr\u00e9cision, l&rsquo;actualit\u00e9, la fiabilit\u00e9 et l&rsquo;exhaustivit\u00e9 du contenu des informations. L&rsquo;auteur ne saurait \u00eatre tenu pour responsable des dommages mat\u00e9riels ou immat\u00e9riels qui pourraient \u00eatre caus\u00e9s par l&rsquo;acc\u00e8s aux informations diffus\u00e9es ou par leur utilisation ou non-utilisation, par le mauvais usage de la connexion ou par des probl\u00e8mes techniques. Toutes les offres sont sans engagement. L&rsquo;auteur se r\u00e9serve express\u00e9ment le droit de modifier, de compl\u00e9ter ou de supprimer des parties de pages ou l&rsquo;ensemble de l&rsquo;offre sans avis pr\u00e9alable, ou d&rsquo;en suspendre temporairement ou d\u00e9finitivement la publication.   <\/p><h3 class=\"wp-block-heading\" id=\"responsabilite-des-liens\" title=\"Responsabilit\u00e9 des liens\">Responsabilit\u00e9 des liens<\/h3><p>Les renvois et liens vers des sites web de tiers ne rel\u00e8vent pas de notre responsabilit\u00e9. Nous d\u00e9clinons toute responsabilit\u00e9 pour de tels sites. L&rsquo;acc\u00e8s \u00e0 ces sites et leur utilisation se font aux risques de l&rsquo;utilisateur.  <\/p><h3 class=\"wp-block-heading\" id=\"droits-dauteur\" title=\"Droits d&rsquo;auteur\">Droits d&rsquo;auteur<\/h3><p>Les droits d&rsquo;auteur et tous les autres droits li\u00e9s aux contenus, images, photos ou autres fichiers pr\u00e9sents sur le site Internet sont la propri\u00e9t\u00e9 exclusive d&rsquo;automoor AG ou des titulaires de droits sp\u00e9cialement cit\u00e9s. Pour la reproduction de tout \u00e9l\u00e9ment, l&rsquo;accord \u00e9crit des d\u00e9tenteurs des droits d&rsquo;auteur doit \u00eatre obtenu au pr\u00e9alable. <\/p><h3 class=\"wp-block-heading\" id=\"dispositions-generales\" title=\"Dispositions g\u00e9n\u00e9rales\">Dispositions g\u00e9n\u00e9rales<\/h3><p><strong>Copyright :<\/strong> automoor AG. Le copyright pour tous les textes et images est d\u00e9tenu par automoor AG. <\/p>\t\t\t\t\t\t\t\t<\/div>\n\t\t\t\t<\/div>\n\t\t\t\t<\/div>\n\t\t\t\t\t<\/div>\n\t\t\t\t<\/div>\n\t\t\t\t<\/div>\n\t\t","protected":false},"excerpt":{"rendered":"<p>Mentions l\u00e9gales automoor AGLaubisr\u00fctistrasse 428712 St\u00e4faSuisse T\u00e9l\u00e9phone : 043 477 19 50Email : info@automoor.ch Num\u00e9ro d&rsquo;identification de la soci\u00e9t\u00e9 (UID)CHE-364.509.466 Num\u00e9ro de TVACHE-364.509.466 Clause de non-responsabilit\u00e9 L&rsquo;auteur n&rsquo;assume aucune responsabilit\u00e9 quant \u00e0 l&rsquo;exactitude, la pr\u00e9cision, l&rsquo;actualit\u00e9, la fiabilit\u00e9 et l&rsquo;exhaustivit\u00e9 du contenu des informations. L&rsquo;auteur ne saurait \u00eatre tenu pour responsable des dommages mat\u00e9riels ou [&hellip;]<\/p>\n","protected":false},"author":1,"featured_media":0,"parent":0,"menu_order":0,"comment_status":"closed","ping_status":"closed","template":"elementor_header_footer","meta":{"_seopress_robots_primary_cat":"","_seopress_titles_title":"","_seopress_titles_desc":"","_seopress_robots_index":"yes","_monsterinsights_skip_tracking":false,"_monsterinsights_sitenote_active":false,"_monsterinsights_sitenote_note":"","_monsterinsights_sitenote_category":0,"footnotes":""},"class_list":["post-5034","page","type-page","status-publish","hentry"],"meta_box":[],"_links":{"self":[{"href":"https:\/\/automoor.ch\/fr\/wp-json\/wp\/v2\/pages\/5034","targetHints":{"allow":["GET"]}}],"collection":[{"href":"https:\/\/automoor.ch\/fr\/wp-json\/wp\/v2\/pages"}],"about":[{"href":"https:\/\/automoor.ch\/fr\/wp-json\/wp\/v2\/types\/page"}],"author":[{"embeddable":true,"href":"https:\/\/automoor.ch\/fr\/wp-json\/wp\/v2\/users\/1"}],"replies":[{"embeddable":true,"href":"https:\/\/automoor.ch\/fr\/wp-json\/wp\/v2\/comments?post=5034"}],"version-history":[{"count":0,"href":"https:\/\/automoor.ch\/fr\/wp-json\/wp\/v2\/pages\/5034\/revisions"}],"wp:attachment":[{"href":"https:\/\/automoor.ch\/fr\/wp-json\/wp\/v2\/media?parent=5034"}],"curies":[{"name":"wp","href":"https:\/\/api.w.org\/{rel}","templated":true}]}}