{"id":4990,"date":"2025-04-02T18:23:01","date_gmt":"2025-04-02T16:23:01","guid":{"rendered":"https:\/\/automoor.sichtbarerwerden.site\/conditions-generales-de-vente\/"},"modified":"2025-05-22T12:58:49","modified_gmt":"2025-05-22T10:58:49","slug":"conditions-generales-de-vente","status":"publish","type":"page","link":"https:\/\/automoor.ch\/fr\/conditions-generales-de-vente\/","title":{"rendered":"CONDITIONS G\u00c9N\u00c9RALES DE VENTE"},"content":{"rendered":"\t\t<div data-elementor-type=\"wp-page\" data-elementor-id=\"4990\" class=\"elementor elementor-4990 elementor-3123\" data-elementor-post-type=\"page\">\n\t\t\t\t<div class=\"elementor-element elementor-element-f506f53 padding-section e-flex e-con-boxed e-con e-parent\" data-id=\"f506f53\" data-element_type=\"container\">\n\t\t\t\t\t<div class=\"e-con-inner\">\n\t\t<div class=\"elementor-element elementor-element-065172a e-con-full e-flex e-con e-child\" data-id=\"065172a\" data-element_type=\"container\">\n\t\t\t\t<div class=\"elementor-element elementor-element-043173e elementor-widget__width-initial elementor-widget elementor-widget-heading\" data-id=\"043173e\" data-element_type=\"widget\" data-widget_type=\"heading.default\">\n\t\t\t\t<div class=\"elementor-widget-container\">\n\t\t\t\t\t<h1 class=\"elementor-heading-title elementor-size-default\" id=\"conditions-generales-de-vente\" title=\"Conditions g\u00e9n\u00e9rales de vente\">Conditions g\u00e9n\u00e9rales de vente<\/h1>\t\t\t\t<\/div>\n\t\t\t\t<\/div>\n\t\t\t\t<div class=\"elementor-element elementor-element-561537c elementor-widget__width-initial elementor-widget elementor-widget-text-editor\" data-id=\"561537c\" data-element_type=\"widget\" data-widget_type=\"text-editor.default\">\n\t\t\t\t<div class=\"elementor-widget-container\">\n\t\t\t\t\t\t\t\t\t<div class=\"c-section c-section--header\"><div class=\"o-container o-container--full\"><p class=\"c-txt--w400 c-txt--black-500 u-txt--center u-mrg--x0\">Derni\u00e8rement mis \u00e0 jour : mardi, 26 mars, 2024<br>Veuillez lire nos conditions g\u00e9n\u00e9rales.<\/p><\/div><\/div><div class=\"c-section c-section--content\"><div class=\"o-container o-container--sm c-simplecontent u-mrg--reset\"><h2 class=\"wp-block-heading\" id=\"interpretation-et-definitions\" title=\"Interpr\u00e9tation et d\u00e9finitions\">Interpr\u00e9tation et d\u00e9finitions<\/h2><h3 class=\"wp-block-heading\" id=\"interpretation\" title=\"Interpr\u00e9tation\">Interpr\u00e9tation<\/h3><p>Les mots dont la premi\u00e8re lettre est en majuscule ont le sens d\u00e9fini dans les conditions ci-dessous. Les d\u00e9finitions suivantes ont la m\u00eame signification, qu&rsquo;elles soient au singulier ou au pluriel. <\/p><h3 class=\"wp-block-heading\"><strong>D\u00e9finitions<\/strong><\/h3><p>Aux fins des pr\u00e9sentes conditions g\u00e9n\u00e9rales, les dispositions suivantes s&rsquo;appliquent :<\/p><p>Affili\u00e9 d\u00e9signe une entit\u00e9 qu&rsquo;une partie contr\u00f4le, qui est contr\u00f4l\u00e9e par elle ou qui est sous contr\u00f4le commun avec elle, le terme \u00ab\u00a0contr\u00f4le\u00a0\u00bb d\u00e9signant la d\u00e9tention de 50 % ou plus des actions, parts de capital ou autres titres donnant droit \u00e0 l&rsquo;\u00e9lection des administrateurs ou autres dirigeants.<\/p><p>Le pays se r\u00e9f\u00e8re \u00e0 : Suisse<\/p><p>entreprise (d\u00e9sign\u00e9e dans le pr\u00e9sent contrat soit par \u00ab l&rsquo;entreprise \u00bb, \u00ab nous \u00bb, \u00ab notre \u00bb ou \u00ab nos \u00bb) fait r\u00e9f\u00e9rence \u00e0 automoor , Laubisr\u00fctistrasse 42, 8712 St\u00e4fa.<\/p><ul class=\"wp-block-list\"><li>Appareil d\u00e9signe tout dispositif qui peut acc\u00e9der au Service, tel qu&rsquo;un ordinateur, un t\u00e9l\u00e9phone mobile ou une tablette num\u00e9rique.<\/li><\/ul><p>Service se r\u00e9f\u00e8re au site web.<\/p><ul class=\"wp-block-list\"><li>Les Conditions g\u00e9n\u00e9rales (\u00e9galement appel\u00e9es \u00ab Conditions \u00bb) d\u00e9signent les pr\u00e9sentes Conditions g\u00e9n\u00e9rales qui constituent l&rsquo;int\u00e9gralit\u00e9 de l&rsquo;accord entre vous et la Soci\u00e9t\u00e9 en ce qui concerne l&rsquo;utilisation du Service. Le pr\u00e9sent accord sur les Conditions g\u00e9n\u00e9rales a \u00e9t\u00e9 r\u00e9dig\u00e9 \u00e0 l&rsquo;aide du mod\u00e8le de Conditions g\u00e9n\u00e9rales. <\/li><li>Service de m\u00e9dia social tiers d\u00e9signe tout service ou contenu (y compris les donn\u00e9es, informations, produits ou services) fourni par un tiers et qui peut \u00eatre affich\u00e9, inclus ou rendu disponible par le biais du service.<\/li><\/ul><h2 class=\"wp-block-heading\"><strong>Reconnaissance<\/strong><\/h2><p>Il s&rsquo;agit des conditions g\u00e9n\u00e9rales qui r\u00e9gissent l&rsquo;utilisation de ce service et qui constituent l&rsquo;accord entre vous et la soci\u00e9t\u00e9. Ces conditions d\u00e9finissent les droits et obligations de tous les utilisateurs en ce qui concerne l&rsquo;utilisation du service. <\/p><p>Votre acc\u00e8s et votre utilisation du Service impliquent que vous acceptiez et respectiez ces conditions g\u00e9n\u00e9rales. Les pr\u00e9sentes Conditions g\u00e9n\u00e9rales s&rsquo;appliquent \u00e0 tous les visiteurs, utilisateurs et autres qui acc\u00e8dent au Service ou l&rsquo;utilisent. <\/p><p>En acc\u00e9dant au Service ou en l&rsquo;utilisant, vous acceptez d \u00ab \u00eatre li\u00e9 par les pr\u00e9sentes Conditions. Si vous n \u00bb \u00eates pas d&rsquo;accord avec une partie de ces conditions, vous ne devez pas utiliser le service. <\/p><p>Vous garantissez que vous avez plus de 18 ans. La Soci\u00e9t\u00e9 n&rsquo;autorise pas les personnes de moins de 18 ans \u00e0 utiliser le Service. <\/p><p>Votre acc\u00e8s et votre utilisation du Service d\u00e9pendent \u00e9galement de votre acceptation et de votre respect de la politique de confidentialit\u00e9 de la Soci\u00e9t\u00e9. Notre politique de confidentialit\u00e9 d\u00e9crit nos politiques et proc\u00e9dures de collecte, d&rsquo;utilisation et de divulgation de vos donn\u00e9es personnelles lorsque vous utilisez l&rsquo;Application ou le Site, et vous informe de vos droits en mati\u00e8re de confidentialit\u00e9 et de la mani\u00e8re dont la loi vous prot\u00e8ge. Veuillez lire attentivement notre politique de confidentialit\u00e9 avant d&rsquo;utiliser notre service.  <\/p><h2 class=\"wp-block-heading\" id=\"liens-vers-dautres-sites-web\" title=\"Liens vers d&rsquo;autres sites web\">Liens vers d&rsquo;autres sites web<\/h2><p>Notre service peut contenir des liens vers des sites web ou des services de tiers qui ne sont pas d\u00e9tenus ou contr\u00f4l\u00e9s par la soci\u00e9t\u00e9.<\/p><p>La Soci\u00e9t\u00e9 n&rsquo;a aucun contr\u00f4le sur le contenu, les politiques de confidentialit\u00e9 ou les pratiques des sites ou services tiers et n&rsquo;assume aucune responsabilit\u00e9 \u00e0 leur \u00e9gard. Vous reconnaissez et acceptez en outre que la Soci\u00e9t\u00e9 ne sera pas responsable ou redevable, directement ou indirectement, de tout dommage ou perte caus\u00e9 ou pr\u00e9tendument caus\u00e9 par ou en relation avec l&rsquo;utilisation ou la confiance accord\u00e9e \u00e0 de tels contenus, biens ou services disponibles sur ou via de tels sites ou services. <\/p><p>Nous vous encourageons \u00e0 lire les conditions g\u00e9n\u00e9rales et les politiques de confidentialit\u00e9 des sites ou des services tiers que vous visitez.<\/p><h2 class=\"wp-block-heading\" id=\"fin\" title=\"Fin\">Fin<\/h2><p>Nous pouvons r\u00e9silier ou suspendre votre acc\u00e8s imm\u00e9diatement et sans pr\u00e9avis ni responsabilit\u00e9, pour quelque raison que ce soit, y compris et sans limitation, si vous ne respectez pas les pr\u00e9sentes Conditions g\u00e9n\u00e9rales.<\/p><p>La r\u00e9siliation met fin \u00e0 votre droit d&rsquo;utiliser le service avec effet imm\u00e9diat.<\/p><h2 class=\"wp-block-heading\" id=\"limitation-de-la-responsabilite\" title=\"Limitation de la responsabilit\u00e9\">Limitation de la responsabilit\u00e9<\/h2><p>Nonobstant tout dommage que vous pourriez subir, la responsabilit\u00e9 totale de la Soci\u00e9t\u00e9 et de ses fournisseurs dans le cadre des dispositions des pr\u00e9sentes Conditions et votre recours exclusif pour tout ce qui pr\u00e9c\u00e8de sont limit\u00e9s au montant que vous avez effectivement pay\u00e9 via le Service, ou \u00e0 100 CHF si vous n&rsquo;avez rien achet\u00e9 via le Service.<\/p><p>Dans la mesure o\u00f9 la loi applicable le permet, la Soci\u00e9t\u00e9 ou ses fournisseurs ne seront en aucun cas responsables des dommages sp\u00e9ciaux, accessoires, indirects ou cons\u00e9cutifs (y compris, mais sans s&rsquo;y limiter, les dommages pour perte de b\u00e9n\u00e9fices, perte de donn\u00e9es ou d&rsquo;autres informations, interruption d&rsquo;activit\u00e9, dommages corporels, perte de vie priv\u00e9e, r\u00e9sultant de l&rsquo;utilisation ou de l&rsquo;impossibilit\u00e9 d&rsquo;utiliser le Service, du logiciel d&rsquo;un tiers et\/ou du mat\u00e9riel d&rsquo;un tiers utilis\u00e9 avec le Service, ou autrement en rapport avec une disposition des pr\u00e9sentes Conditions ou s&rsquo;y rapportant de quelque mani\u00e8re que ce soit), m\u00eame si la Soci\u00e9t\u00e9 ou un Fournisseur a \u00e9t\u00e9 averti de la possibilit\u00e9 de tels dommages et m\u00eame si le rem\u00e8de n&rsquo;atteint pas son objectif essentiel.<\/p><p>Certains pays n&rsquo;autorisent pas l&rsquo;exclusion des garanties implicites ou la limitation de responsabilit\u00e9 pour les dommages accessoires ou cons\u00e9cutifs, ce qui signifie que certaines des limitations ci-dessus peuvent ne pas s&rsquo;appliquer. Dans ces pays, la responsabilit\u00e9 de chaque partie est limit\u00e9e dans la mesure permise par la loi. <\/p><h2 class=\"wp-block-heading\" id=\"tel-quil-est-et-tel-quil-est-disponible\" title=\"\u00ab TEL QU&rsquo;IL EST \u00bb et \u00ab TEL QU&rsquo;IL EST DISPONIBLE \u00bb.\">\u00ab TEL QU&rsquo;IL EST \u00bb et \u00ab TEL QU&rsquo;IL EST DISPONIBLE \u00bb.<\/h2><p>Le Service vous est fourni \u00ab\u00a0EN L&rsquo;\u00c9TAT\u00a0\u00bb et \u00ab\u00a0TEL QU&rsquo;IL EST DISPONIBLE\u00a0\u00bb, avec toutes les erreurs et les d\u00e9fauts, sans aucune garantie. Dans la mesure autoris\u00e9e par la loi applicable, la Soci\u00e9t\u00e9, en son nom et au nom de ses soci\u00e9t\u00e9s affili\u00e9es et de ses conc\u00e9dants de licence et prestataires de services respectifs, d\u00e9cline express\u00e9ment toute garantie expresse, implicite, l\u00e9gale ou autre concernant le Service, y compris toute garantie implicite de qualit\u00e9 marchande, d&rsquo;ad\u00e9quation \u00e0 un usage particulier, de propri\u00e9t\u00e9 et de non-violation des droits de tiers, ainsi que toute garantie pouvant r\u00e9sulter de la conduite des affaires, des performances, de l&rsquo;utilisation ou des pratiques commerciales.   <\/p><p>Sans limiter la port\u00e9e de ce qui pr\u00e9c\u00e8de, la Soci\u00e9t\u00e9 ne donne aucune garantie, n&rsquo;assume aucune obligation et ne fait aucune d\u00e9claration selon laquelle le Service r\u00e9pondra \u00e0 vos besoins, produira les r\u00e9sultats escompt\u00e9s, sera compatible ou fonctionnera avec d&rsquo;autres logiciels, applications, syst\u00e8mes ou services, fonctionnera sans interruption, r\u00e9pondra aux normes de performance ou de fiabilit\u00e9 ou sera exempt d&rsquo;erreurs, ou selon laquelle les erreurs ou les d\u00e9fauts peuvent \u00eatre ou seront corrig\u00e9s.<\/p><p>Sans limiter la port\u00e9e de ce qui pr\u00e9c\u00e8de, ni la Soci\u00e9t\u00e9 ni aucun de ses fournisseurs ne font de d\u00e9claration ou de garantie, expresse ou implicite, de quelque nature que ce soit : (i) en ce qui concerne le fonctionnement ou la disponibilit\u00e9 du Service ou des informations, contenus et mat\u00e9riels ou produits qu&rsquo;il contient ; (ii) que le Service sera disponible sans interruption ou sans erreur ; (iii) en ce qui concerne l&rsquo;exactitude, la fiabilit\u00e9 ou l&rsquo;actualit\u00e9 de toute information ou contenu fourni par le biais du Service ; ou (iv) que le Service, ses serveurs, le contenu ou les e-mails envoy\u00e9s par ou au nom de la Soci\u00e9t\u00e9 sont exempts de virus, scripts, chevaux de Troie, vers, logiciels malveillants, bombes \u00e0 retardement ou autres composants nuisibles.    <\/p><p>Certaines juridictions n&rsquo;autorisent pas l&rsquo;exclusion de certains types de garanties ou la limitation des droits l\u00e9gaux applicables d&rsquo;un consommateur, de sorte que tout ou partie des exclusions et limitations ci-dessus peuvent ne pas s&rsquo;appliquer \u00e0 vous. Toutefois, dans un tel cas, les exclusions et limitations \u00e9nonc\u00e9es dans la pr\u00e9sente section seront appliqu\u00e9es dans toute la mesure permise par la loi applicable. <\/p><h2 class=\"wp-block-heading\" id=\"droit-applicable\" title=\"Droit applicable\">Droit applicable<\/h2><p>Les pr\u00e9sentes Conditions et votre utilisation du Service sont r\u00e9gies par les lois de votre pays, \u00e0 l&rsquo;exclusion des r\u00e8gles de conflit de lois. Votre utilisation de l&rsquo;Application peut \u00e9galement \u00eatre soumise \u00e0 d&rsquo;autres lois locales, \u00e9tatiques, nationales ou internationales. <\/p><h2 class=\"wp-block-heading\" id=\"reglement-des-litiges\" title=\"R\u00e8glement des litiges\">R\u00e8glement des litiges<\/h2><p>Si vous avez des pr\u00e9occupations ou des litiges concernant le Service, vous acceptez de tenter d&rsquo;abord de r\u00e9soudre le litige de mani\u00e8re informelle en contactant la Soci\u00e9t\u00e9.<\/p><h2 class=\"wp-block-heading\" id=\"pour-les-utilisateurs-de-lunion-europeenne-ue\" title=\"Pour les utilisateurs de l&rsquo;Union europ\u00e9enne (UE)\">Pour les utilisateurs de l&rsquo;Union europ\u00e9enne (UE)<\/h2><p>Si vous \u00eates un consommateur de l&rsquo;Union europ\u00e9enne, vous \u00eates soumis aux dispositions imp\u00e9ratives de la loi du pays dans lequel vous r\u00e9sidez.<\/p><h2 class=\"wp-block-heading\" id=\"respect-des-lois-des-etats-unis\" title=\"Respect des lois des \u00c9tats-Unis\">Respect des lois des \u00c9tats-Unis<\/h2><p>Vous d\u00e9clarez et garantissez que (i) vous ne vous trouvez pas dans un pays soumis \u00e0 un embargo par le gouvernement des \u00c9tats-Unis ou d\u00e9sign\u00e9 par le gouvernement des \u00c9tats-Unis comme un pays \u00ab soutenant des terroristes \u00bb, et (ii) vous ne figurez pas sur une liste de parties interdites ou restreintes \u00e9tablie par le gouvernement des \u00c9tats-Unis.  <\/p><h2 class=\"wp-block-heading\"><strong>Clause de sauvegarde et renonciation<\/strong><\/h2><h3 class=\"wp-block-heading\" id=\"clause-de-sauvegarde\" title=\"Clause de sauvegarde  \">Clause de sauvegarde  <\/h3><p>Si une disposition des pr\u00e9sentes Conditions est jug\u00e9e inapplicable ou invalide, cette disposition sera modifi\u00e9e et interpr\u00e9t\u00e9e de mani\u00e8re \u00e0 atteindre, dans la mesure du possible, les objectifs de cette disposition en vertu de la loi applicable, et les autres dispositions resteront pleinement en vigueur et de plein effet.<\/p><h3 class=\"wp-block-heading\" id=\"renonciation\" title=\"Renonciation\">Renonciation<\/h3><p>Sauf disposition contraire, le fait de ne pas exercer un droit ou d&rsquo;exiger l&rsquo;ex\u00e9cution d&rsquo;une obligation en vertu des pr\u00e9sentes Conditions n&rsquo;affectera pas la capacit\u00e9 d&rsquo;une partie \u00e0 exercer un tel droit ou \u00e0 exiger une telle ex\u00e9cution \u00e0 une date ult\u00e9rieure, et la renonciation \u00e0 une violation ne constituera pas une renonciation \u00e0 une violation ult\u00e9rieure.<\/p><h3 class=\"wp-block-heading\" id=\"traduction-interpretation\" title=\"Traduction interpr\u00e9tation\">Traduction interpr\u00e9tation<\/h3><p>Les pr\u00e9sentes Conditions G\u00e9n\u00e9rales peuvent avoir \u00e9t\u00e9 traduites si nous les avons mises \u00e0 disposition sur notre Service. Vous acceptez qu&rsquo;en cas de litige, le texte original (fran\u00e7ais) pr\u00e9vale. <\/p><h3 class=\"wp-block-heading\" id=\"modifications-des-presentes-conditions-generales\" title=\"Modifications des pr\u00e9sentes conditions g\u00e9n\u00e9rales\">Modifications des pr\u00e9sentes conditions g\u00e9n\u00e9rales<\/h3><p>Nous nous r\u00e9servons le droit, \u00e0 notre seule discr\u00e9tion, de modifier ou de remplacer ces conditions \u00e0 tout moment. Si une modification est substantielle, nous ferons des efforts raisonnables pour annoncer les nouvelles conditions au moins 30 jours avant leur entr\u00e9e en vigueur. Ce qui constitue une modification substantielle sera d\u00e9termin\u00e9 \u00e0 notre seule discr\u00e9tion.  <\/p><p>En continuant \u00e0 acc\u00e9der \u00e0 notre service ou \u00e0 l&rsquo;utiliser apr\u00e8s l&rsquo;entr\u00e9e en vigueur de ces modifications, vous acceptez les conditions r\u00e9vis\u00e9es. Si vous n&rsquo;\u00eates pas d&rsquo;accord avec tout ou partie des nouvelles conditions, veuillez cesser d&rsquo;utiliser le site et le service. <\/p><h2 class=\"wp-block-heading\" id=\"contactez-nous\" title=\"Contactez-nous\">Contactez-nous<\/h2><p>Si vous avez des questions concernant ces conditions d&rsquo;utilisation, vous pouvez nous contacter :<\/p><p>Par t\u00e9l\u00e9phone au : +41 43 477 19 50<\/p><\/div><\/div>\t\t\t\t\t\t\t\t<\/div>\n\t\t\t\t<\/div>\n\t\t\t\t<\/div>\n\t\t\t\t\t<\/div>\n\t\t\t\t<\/div>\n\t\t\t\t<\/div>\n\t\t","protected":false},"excerpt":{"rendered":"<p>Conditions g\u00e9n\u00e9rales de vente Derni\u00e8rement mis \u00e0 jour : mardi, 26 mars, 2024Veuillez lire nos conditions g\u00e9n\u00e9rales. Interpr\u00e9tation et d\u00e9finitions Interpr\u00e9tation Les mots dont la premi\u00e8re lettre est en majuscule ont le sens d\u00e9fini dans les conditions ci-dessous. Les d\u00e9finitions suivantes ont la m\u00eame signification, qu&rsquo;elles soient au singulier ou au pluriel. D\u00e9finitions Aux fins [&hellip;]<\/p>\n","protected":false},"author":1,"featured_media":0,"parent":0,"menu_order":0,"comment_status":"closed","ping_status":"closed","template":"elementor_header_footer","meta":{"_seopress_robots_primary_cat":"","_seopress_titles_title":"","_seopress_titles_desc":"","_seopress_robots_index":"yes","_monsterinsights_skip_tracking":false,"_monsterinsights_sitenote_active":false,"_monsterinsights_sitenote_note":"","_monsterinsights_sitenote_category":0,"footnotes":""},"class_list":["post-4990","page","type-page","status-publish","hentry"],"meta_box":[],"_links":{"self":[{"href":"https:\/\/automoor.ch\/fr\/wp-json\/wp\/v2\/pages\/4990","targetHints":{"allow":["GET"]}}],"collection":[{"href":"https:\/\/automoor.ch\/fr\/wp-json\/wp\/v2\/pages"}],"about":[{"href":"https:\/\/automoor.ch\/fr\/wp-json\/wp\/v2\/types\/page"}],"author":[{"embeddable":true,"href":"https:\/\/automoor.ch\/fr\/wp-json\/wp\/v2\/users\/1"}],"replies":[{"embeddable":true,"href":"https:\/\/automoor.ch\/fr\/wp-json\/wp\/v2\/comments?post=4990"}],"version-history":[{"count":0,"href":"https:\/\/automoor.ch\/fr\/wp-json\/wp\/v2\/pages\/4990\/revisions"}],"wp:attachment":[{"href":"https:\/\/automoor.ch\/fr\/wp-json\/wp\/v2\/media?parent=4990"}],"curies":[{"name":"wp","href":"https:\/\/api.w.org\/{rel}","templated":true}]}}